{"id":3926,"date":"2018-09-15T16:37:38","date_gmt":"2018-09-15T14:37:38","guid":{"rendered":"https:\/\/www.obisualmedia.com\/blog\/"},"modified":"2022-09-22T19:23:53","modified_gmt":"2022-09-22T17:23:53","slug":"blog","status":"publish","type":"page","link":"https:\/\/www.obisualmedia.com\/es\/blog\/","title":{"rendered":"Blog"},"content":{"rendered":"\t\t<div data-elementor-type=\"wp-post\" data-elementor-id=\"3926\" class=\"elementor elementor-3926 elementor-1297\">\n\t\t\t\t\t\t<section class=\"jarallax lazyload elementor-section elementor-top-section elementor-element elementor-element-99bc507 elementor-section-boxed elementor-section-height-default elementor-section-height-default\" data-jarallax=\"\" data-speed=\"0.75\" data-type=\"scroll\" data-parallax=\"scroll\" style=\"background-image:url(&quot;https:\/\/www.obisualmedia.com\/wp-content\/uploads\/2022\/07\/blog-bg.jpg&quot;);\" data-image-src=\"https:\/\/www.obisualmedia.com\/wp-content\/uploads\/2022\/07\/blog-bg.jpg\" data-id=\"99bc507\" data-element_type=\"section\" data-settings=\"{&quot;background_background&quot;:&quot;classic&quot;}\">\n\t\t\t\t\t\t\t<div class=\"elementor-background-overlay\"><\/div>\n\t\t\t\t\t\t\t<div class=\"elementor-container elementor-column-gap-default\">\n\t\t\t\t\t<div class=\"elementor-column elementor-col-100 elementor-top-column elementor-element elementor-element-d589353\" data-id=\"d589353\" data-element_type=\"column\">\n\t\t\t<div class=\"elementor-widget-wrap elementor-element-populated\">\n\t\t\t\t\t\t<div class=\"elementor-element elementor-element-b895ade section-align-center animated-slow section-size-large subtitle-style-default elementor-invisible elementor-widget elementor-widget-section-heading\" data-id=\"b895ade\" data-element_type=\"widget\" data-settings=\"{&quot;_animation&quot;:&quot;zoomIn&quot;}\" data-widget_type=\"section-heading.default\">\n\t\t\t\t<div class=\"elementor-widget-container\">\n\t\t\t\t\t<div class=\"section-heading headingstyle-subtitle\"><h5 class=\"entry-sub-title section-sub-title\">Actualidad<\/h5><div class=\"section-title-wrapper\"><h2 class=\"entry-title section-title\">Blog<\/h2><\/div><div class=\"section-description clearfix\"><div class=\"section-description-inner\"><p>Una degustaci\u00f3n de qui\u00e9n soy y qu\u00e9 hago \ud83d\ude09<\/p>\n<\/div><\/div><\/div>\t\t\t\t<\/div>\n\t\t\t\t<\/div>\n\t\t\t\t\t<\/div>\n\t\t<\/div>\n\t\t\t\t\t<\/div>\n\t\t<\/section>\n\t\t\t\t<section class=\"elementor-section elementor-top-section elementor-element elementor-element-9a7a741 elementor-section-full_width elementor-section-height-default elementor-section-height-default\" data-id=\"9a7a741\" data-element_type=\"section\">\n\t\t\t\t\t\t<div class=\"elementor-container elementor-column-gap-no\">\n\t\t\t\t\t<div class=\"elementor-column elementor-col-100 elementor-top-column elementor-element elementor-element-e7ebc12\" data-id=\"e7ebc12\" data-element_type=\"column\">\n\t\t\t<div class=\"elementor-widget-wrap elementor-element-populated\">\n\t\t\t\t\t\t<div class=\"elementor-element elementor-element-5e853c1 blog-parallax-align-center elementor-widget elementor-widget-blog-parallax\" data-id=\"5e853c1\" data-element_type=\"widget\" data-widget_type=\"blog-parallax.default\">\n\t\t\t\t<div class=\"elementor-widget-container\">\n\t\t\t\t\t<div class=\"gridblock-blog-parallax gridblock-parallax-wrap clearfix\"><ul><li data-jarallax='{\"speed\": 0.3}' class=\"jarallax vertical-parallax-image fullheight-parallax\" style=\"background-image:url(https:\/\/www.obisualmedia.com\/wp-content\/uploads\/2025\/02\/dsc06984-min-scaled.jpg);\"><div class=\"bg-detect-and-display slideshow-box-info work-details\"><a href=\"https:\/\/www.obisualmedia.com\/es\/descobreix-cel-nocturn-parc-natural-alt-pirineu\/\"><div class=\"heading-block\"><h2 class=\"line-standby photocard-title\">\n\t\t\t\t<font style=\"vertical-align: inherit;\"><font style=\"vertical-align: inherit;\">La M\u00e0gia del Cel Nocturn<\/font><\/font> al Parc Natural de l&#8217;Alt Pirineu\n\t\t\t\t<\/h2><\/div><div class=\"photocard-contents\">\n\t\t\t\t<p>Territori de foscor i estrelles<\/p>\n\t\t\t\t<\/div><\/a><a class=\"theme-btn-link\" href=\"https:\/\/www.obisualmedia.com\/es\/descobreix-cel-nocturn-parc-natural-alt-pirineu\/\"><div class=\"theme-btn theme-btn-outline-primary theme-hover-arrow\">Seguir leyendo<\/div><\/a><\/div><\/li><li data-jarallax='{\"speed\": 0.3}' class=\"jarallax vertical-parallax-image fullheight-parallax\" style=\"background-image:url(https:\/\/www.obisualmedia.com\/wp-content\/uploads\/2024\/05\/marc-obiols-2-min-1.jpeg);\"><div class=\"bg-detect-and-display slideshow-box-info work-details\"><a href=\"https:\/\/www.obisualmedia.com\/es\/guanyem-premi-internacional-pica-destats\/\"><div class=\"heading-block\"><h2 class=\"line-standby photocard-title\">\n\t\t\t\tGuanyem el 34\u00e8 Premi Internacional Pica d&#8217;Estats\n\t\t\t\t<\/h2><\/div><div class=\"photocard-contents\">\n\t\t\t\t<p>Guanyem el 34\u00e9 Premi Internacional Pica d'Estats<\/p>\n\t\t\t\t<\/div><\/a><a class=\"theme-btn-link\" href=\"https:\/\/www.obisualmedia.com\/es\/guanyem-premi-internacional-pica-destats\/\"><div class=\"theme-btn theme-btn-outline-primary theme-hover-arrow\">Seguir leyendo<\/div><\/a><\/div><\/li><li data-jarallax='{\"speed\": 0.3}' class=\"jarallax vertical-parallax-image fullheight-parallax\" style=\"background-image:url(https:\/\/www.obisualmedia.com\/wp-content\/uploads\/2023\/10\/Captura-de-pantalla-2023-10-12-a-les-13.34.52-min-scaled.jpg);\"><div class=\"bg-detect-and-display slideshow-box-info work-details\"><a href=\"https:\/\/www.obisualmedia.com\/es\/carta-europea-de-turisme-sostenible\/\"><div class=\"heading-block\"><h2 class=\"line-standby photocard-title\">\n\t\t\t\tCarta Europea Turisme Sostenible Alt Pirineu\n\t\t\t\t<\/h2><\/div><div class=\"photocard-contents\">\n\t\t\t\t<p>El Parc Natural de l'Alt Pirineu obt\u00e9 la certificaci\u00f3 de la Carta Europea de Turisme Sostenible (CETS). <\/p>\n\t\t\t\t<\/div><\/a><a class=\"theme-btn-link\" href=\"https:\/\/www.obisualmedia.com\/es\/carta-europea-de-turisme-sostenible\/\"><div class=\"theme-btn theme-btn-outline-primary theme-hover-arrow\">Seguir leyendo<\/div><\/a><\/div><\/li><li data-jarallax='{\"speed\": 0.3}' class=\"jarallax vertical-parallax-image fullheight-parallax\" style=\"background-image:url(https:\/\/www.obisualmedia.com\/wp-content\/uploads\/2022\/09\/larock-dance-center.jpg);\"><div class=\"bg-detect-and-display slideshow-box-info work-details\"><a href=\"https:\/\/www.obisualmedia.com\/es\/que-es-un-spot-publicitario\/\"><div class=\"heading-block\"><h2 class=\"line-standby photocard-title\">\n\t\t\t\t\u00bfQue es un \u00abSpot Publicitario\u00bb?\n\t\t\t\t<\/h2><\/div><div class=\"photocard-contents\">\n\t\t\t\t<p>El&nbsp;spot publicitario&nbsp;es una composici\u00f3n de im\u00e1genes y audio. Es un recurso eficaz para dar a conocer nuestra empresa, marca o producto. Con la intenci\u00f3n...<\/p>\n\t\t\t\t<\/div><\/a><a class=\"theme-btn-link\" href=\"https:\/\/www.obisualmedia.com\/es\/que-es-un-spot-publicitario\/\"><div class=\"theme-btn theme-btn-outline-primary theme-hover-arrow\">Seguir leyendo<\/div><\/a><\/div><\/li><li data-jarallax='{\"speed\": 0.3}' class=\"jarallax vertical-parallax-image fullheight-parallax\" style=\"background-image:url(https:\/\/www.obisualmedia.com\/wp-content\/uploads\/2022\/11\/Captura-Promo-MAGMA-min.jpg);\"><div class=\"bg-detect-and-display slideshow-box-info work-details\"><a href=\"https:\/\/www.obisualmedia.com\/es\/magma-la-doble-cara-documental\/\"><div class=\"heading-block\"><h2 class=\"line-standby photocard-title\">\n\t\t\t\tMAGMA LA DOBLE CARA Tr\u00e0iler\n\t\t\t\t<\/h2><\/div><div class=\"photocard-contents\">\n\t\t\t\t<p>Aquest documental \u00e9s el fruit de la nostra trobada amb els habitants de La Palma i la veritable realitat de l'erupci\u00f3 del volc\u00e0 Tajogaite.<\/p>\n\t\t\t\t<\/div><\/a><a class=\"theme-btn-link\" href=\"https:\/\/www.obisualmedia.com\/es\/magma-la-doble-cara-documental\/\"><div class=\"theme-btn theme-btn-outline-primary theme-hover-arrow\">Seguir leyendo<\/div><\/a><\/div><\/li><li data-jarallax='{\"speed\": 0.3}' class=\"jarallax vertical-parallax-image fullheight-parallax\" style=\"background-image:url(https:\/\/www.obisualmedia.com\/wp-content\/uploads\/2019\/03\/obisual-terra-lluna.jpg);\"><div class=\"bg-detect-and-display slideshow-box-info work-details\"><a href=\"https:\/\/www.obisualmedia.com\/es\/concepto-creacion-obisual-media\/\"><div class=\"heading-block\"><h2 class=\"line-standby photocard-title\">\n\t\t\t\tConcepto y creaci\u00f3n de Obisual Media\n\t\t\t\t<\/h2><\/div><div class=\"photocard-contents\">\n\t\t\t\t<p>Moltes vegades al llarg de la vida necessitem inspiraci\u00f3 per crear un concepte, una idea. D\u2019aquesta reflexi\u00f3 va n\u00e9ixer el logotip de la meva...<\/p>\n\t\t\t\t<\/div><\/a><a class=\"theme-btn-link\" href=\"https:\/\/www.obisualmedia.com\/es\/concepto-creacion-obisual-media\/\"><div class=\"theme-btn theme-btn-outline-primary theme-hover-arrow\">Seguir leyendo<\/div><\/a><\/div><\/li><li data-jarallax='{\"speed\": 0.3}' class=\"jarallax vertical-parallax-image fullheight-parallax\" style=\"background-image:url(https:\/\/www.obisualmedia.com\/wp-content\/uploads\/2019\/03\/muntanya-cadi.jpg);\"><div class=\"bg-detect-and-display slideshow-box-info work-details\"><a href=\"https:\/\/www.obisualmedia.com\/es\/meteorologia-pasion-necesidad\/\"><div class=\"heading-block\"><h2 class=\"line-standby photocard-title\">\n\t\t\t\tMeteorolog\u00eda, entre pasi\u00f3n y necesidad\n\t\t\t\t<\/h2><\/div><div class=\"photocard-contents\">\n\t\t\t\t<p>Des de sempre m\u2019ha captivat la meteorologia. Els seus fen\u00f2mens, la neu, la pluja, la boira\u2026 tot un seguit de meravelles del nostre planeta.<\/p>\n\t\t\t\t<\/div><\/a><a class=\"theme-btn-link\" href=\"https:\/\/www.obisualmedia.com\/es\/meteorologia-pasion-necesidad\/\"><div class=\"theme-btn theme-btn-outline-primary theme-hover-arrow\">Seguir leyendo<\/div><\/a><\/div><\/li><li data-jarallax='{\"speed\": 0.3}' class=\"jarallax vertical-parallax-image fullheight-parallax\" style=\"background-image:url(https:\/\/www.obisualmedia.com\/wp-content\/uploads\/2019\/03\/irve.jpg);\"><div class=\"bg-detect-and-display slideshow-box-info work-details\"><a href=\"https:\/\/www.obisualmedia.com\/es\/irve-infraestructura-recarga-vehiculos-electricos\/\"><div class=\"heading-block\"><h2 class=\"line-standby photocard-title\">\n\t\t\t\tIRVE (Infraestructura de rec\u00e1rga de veh\u00edculos el\u00e9ctricos)\n\t\t\t\t<\/h2><\/div><div class=\"photocard-contents\">\n\t\t\t\t<p>Projecte pel Col\u00b7legi d\u2019aparelladors, arquitectes t\u00e8cnics i enginyers d\u2019edificaci\u00f3 de Barcelona.<\/p>\n\t\t\t\t<\/div><\/a><a class=\"theme-btn-link\" href=\"https:\/\/www.obisualmedia.com\/es\/irve-infraestructura-recarga-vehiculos-electricos\/\"><div class=\"theme-btn theme-btn-outline-primary theme-hover-arrow\">Seguir leyendo<\/div><\/a><\/div><\/li><\/ul><\/div>\t\t\t\t<\/div>\n\t\t\t\t<\/div>\n\t\t\t\t\t<\/div>\n\t\t<\/div>\n\t\t\t\t\t<\/div>\n\t\t<\/section>\n\t\t\t\t<\/div>\n\t\t","protected":false},"excerpt":{"rendered":"<p>Actualidad Blog Una degustaci\u00f3n de qui\u00e9n soy y qu\u00e9 hago \ud83d\ude09 Concepto y creaci\u00f3n de Obisual Media Moltes vegades al llarg de la vida necessitem inspiraci\u00f3 per crear un concepte, una idea. D\u2019aquesta reflexi\u00f3 va n\u00e9ixer el logotip de la meva&#8230; Seguir llegint Meteorolog\u00eda, entre pasi\u00f3n y necesidad Des de sempre m\u2019ha captivat la meteorologia. Els seus fen\u00f2mens, la neu, la pluja, la boira\u2026 tot un seguit de meravelles del nostre planeta. Seguir llegint IRVE (Infraestructura de rec\u00e1rga de veh\u00edculos [&hellip;]<\/p>\n","protected":false},"author":1,"featured_media":0,"parent":0,"menu_order":0,"comment_status":"closed","ping_status":"closed","template":"","meta":{"footnotes":""},"class_list":["post-3926","page","type-page","status-publish","hentry"],"acf":[],"_links":{"self":[{"href":"https:\/\/www.obisualmedia.com\/es\/wp-json\/wp\/v2\/pages\/3926","targetHints":{"allow":["GET"]}}],"collection":[{"href":"https:\/\/www.obisualmedia.com\/es\/wp-json\/wp\/v2\/pages"}],"about":[{"href":"https:\/\/www.obisualmedia.com\/es\/wp-json\/wp\/v2\/types\/page"}],"author":[{"embeddable":true,"href":"https:\/\/www.obisualmedia.com\/es\/wp-json\/wp\/v2\/users\/1"}],"replies":[{"embeddable":true,"href":"https:\/\/www.obisualmedia.com\/es\/wp-json\/wp\/v2\/comments?post=3926"}],"version-history":[{"count":10,"href":"https:\/\/www.obisualmedia.com\/es\/wp-json\/wp\/v2\/pages\/3926\/revisions"}],"predecessor-version":[{"id":4089,"href":"https:\/\/www.obisualmedia.com\/es\/wp-json\/wp\/v2\/pages\/3926\/revisions\/4089"}],"wp:attachment":[{"href":"https:\/\/www.obisualmedia.com\/es\/wp-json\/wp\/v2\/media?parent=3926"}],"curies":[{"name":"wp","href":"https:\/\/api.w.org\/{rel}","templated":true}]}}