{"id":3921,"date":"2022-05-17T20:54:45","date_gmt":"2022-05-17T18:54:45","guid":{"rendered":"https:\/\/www.obisualmedia.com\/avis-legal-politica-privacitat\/"},"modified":"2022-09-22T19:22:59","modified_gmt":"2022-09-22T17:22:59","slug":"aviso-legal-politica-privacidad","status":"publish","type":"page","link":"https:\/\/www.obisualmedia.com\/es\/aviso-legal-politica-privacidad\/","title":{"rendered":"Aviso legal y pol\u00edtica de privacidad"},"content":{"rendered":"\t\t<div data-elementor-type=\"wp-page\" data-elementor-id=\"3921\" class=\"elementor elementor-3921 elementor-56\">\n\t\t\t\t\t\t<section class=\"jarallax lazyload elementor-section elementor-top-section elementor-element elementor-element-8dac06c elementor-section-boxed elementor-section-height-default elementor-section-height-default\" data-jarallax=\"\" data-speed=\"0.75\" data-type=\"scroll\" data-parallax=\"scroll\" style=\"background-image:url(&quot;https:\/\/www.obisualmedia.com\/wp-content\/uploads\/2022\/05\/bg-legal.jpg&quot;);\" data-image-src=\"https:\/\/www.obisualmedia.com\/wp-content\/uploads\/2022\/05\/bg-legal.jpg\" data-id=\"8dac06c\" data-element_type=\"section\" data-settings=\"{&quot;background_background&quot;:&quot;classic&quot;}\">\n\t\t\t\t\t\t\t<div class=\"elementor-background-overlay\"><\/div>\n\t\t\t\t\t\t\t<div class=\"elementor-container elementor-column-gap-default\">\n\t\t\t\t\t<div class=\"elementor-column elementor-col-100 elementor-top-column elementor-element elementor-element-f979c5b\" data-id=\"f979c5b\" data-element_type=\"column\">\n\t\t\t<div class=\"elementor-widget-wrap elementor-element-populated\">\n\t\t\t\t\t\t<div class=\"elementor-element elementor-element-78f25c2 elementor-widget elementor-widget-heading\" data-id=\"78f25c2\" data-element_type=\"widget\" data-widget_type=\"heading.default\">\n\t\t\t\t<div class=\"elementor-widget-container\">\n\t\t\t\t\t<h1 class=\"elementor-heading-title elementor-size-default\">Aviso legal y pol\u00edtica de privacidad<\/h1>\t\t\t\t<\/div>\n\t\t\t\t<\/div>\n\t\t\t\t\t<\/div>\n\t\t<\/div>\n\t\t\t\t\t<\/div>\n\t\t<\/section>\n\t\t\t\t<section class=\"elementor-section elementor-top-section elementor-element elementor-element-5c9249cf elementor-section-boxed elementor-section-height-default elementor-section-height-default\" data-id=\"5c9249cf\" data-element_type=\"section\">\n\t\t\t\t\t\t<div class=\"elementor-container elementor-column-gap-default\">\n\t\t\t\t\t<div class=\"elementor-column elementor-col-100 elementor-top-column elementor-element elementor-element-39016d5a\" data-id=\"39016d5a\" data-element_type=\"column\">\n\t\t\t<div class=\"elementor-widget-wrap elementor-element-populated\">\n\t\t\t\t\t\t<div class=\"elementor-element elementor-element-d2b3263 elementor-widget elementor-widget-spacer\" data-id=\"d2b3263\" data-element_type=\"widget\" data-widget_type=\"spacer.default\">\n\t\t\t\t<div class=\"elementor-widget-container\">\n\t\t\t\t\t\t\t<div class=\"elementor-spacer\">\n\t\t\t<div class=\"elementor-spacer-inner\"><\/div>\n\t\t<\/div>\n\t\t\t\t\t\t<\/div>\n\t\t\t\t<\/div>\n\t\t\t\t<div class=\"elementor-element elementor-element-4d5f7e55 elementor-widget elementor-widget-text-editor\" data-id=\"4d5f7e55\" data-element_type=\"widget\" data-widget_type=\"text-editor.default\">\n\t\t\t\t<div class=\"elementor-widget-container\">\n\t\t\t\t\t\t\t\t\t<h2>Datos de la empresa<\/h2><p>En cumplimiento del art\u00edculo 10 de la Ley 34\/2002, de 11 de julio, de Servicios de la Sociedad de la Informaci\u00f3n y Comercio Electr\u00f3nico, a continuaci\u00f3n se exponen los datos identificativos de la empresa.<\/p><p>Marc Obiols Villar<br \/>Domicilio social:<br \/>C\/ Bisbe Iglesias Navarri, 4 \u00b7 3r <br \/>25700 La Seu d&#8217;Urgell (Lleida)<br \/>45637116X<\/p><p>El acceso al sitio web www.obisualmedia.com de Marc Obiols (en adelante ObisualMedia) implica la aceptaci\u00f3n de todas las condiciones siguientes:<\/p><h2>Propiedad intelectual<\/h2><p>Los contenidos de este sitio web, textos, im\u00e1genes, material audiovisual, etc. as\u00ed como el dise\u00f1o gr\u00e1fico y c\u00f3digo fuente est\u00e1n protegidos por la legislaci\u00f3n espa\u00f1ola sobre los derechos de propiedad intelectual e industrial a favor de ObisualMedia. Por tanto, queda totalmente prohibida su reproducci\u00f3n, distribuci\u00f3n o comunicaci\u00f3n p\u00fablica, total o parcial, sin la autorizaci\u00f3n expresa de ObisualMedia.<\/p><h2>Contenido de la Web<\/h2><p>ObisualMedia no se responsabiliza del mal uso que se realice de los contenidos de nuestra p\u00e1gina web, siendo exclusiva responsabilidad de la persona que accede a ellos o los utiliza.<\/p><h2>Actualizaci\u00f3n y modificaci\u00f3n de la p\u00e1gina web<\/h2><p>ObisualMedia se reserva el derecho a modificar o eliminar, sin previo aviso, tanto la informaci\u00f3n contenida en su sitio web, as\u00ed como su configuraci\u00f3n y presentaci\u00f3n, sin asumir responsabilidad alguna por ello.<\/p><h2>Indicaciones sobre aspectos t\u00e9cnicos<\/h2><p>ObisualMedia no asume ninguna responsabilidad que pueda derivarse de problemas t\u00e9cnicos o fallos en los equipos inform\u00e1ticos que se produzcan durante la conexi\u00f3n a la red de Internet, as\u00ed como de da\u00f1os que puedan ser causados por terceras personas mediante intromisiones ileg\u00edtimas fuera del control de &#8216;ObisualMedia.<\/p><p>Tambi\u00e9n quedamos exonerados de toda responsabilidad frente a posibles da\u00f1os o perjuicios que pueda sufrir el usuario a consecuencia de errores, defectos u omisiones en la informaci\u00f3n que facilitamos cuando proceda de fuentes ajenas a nosotros.<\/p><h2>Pol\u00edtica de Privacidad y Protecci\u00f3n de Datos (L.O.P.D.)<\/h2><p>ObisualMedia pone en conocimiento de los usuarios de este sitio web, que podr\u00e1 crear un archivo automatizado con los datos personales que sean puestos en conocimiento del referido titular, como consecuencia de la utilizaci\u00f3n de la presente Web y debido a env\u00edos al correo electr\u00f3nico info@obisualmedia.com que aparece como contacto o bien sobre aquellos recogidos a trav\u00e9s de nuestro formulario de contacto, en estricto cumplimiento con lo preceptuado por la legislaci\u00f3n en materia de protecci\u00f3n de datos.<\/p>\t\t\t\t\t\t\t\t<\/div>\n\t\t\t\t<\/div>\n\t\t\t\t<div class=\"elementor-element elementor-element-4d7ed25 elementor-widget elementor-widget-spacer\" data-id=\"4d7ed25\" data-element_type=\"widget\" data-widget_type=\"spacer.default\">\n\t\t\t\t<div class=\"elementor-widget-container\">\n\t\t\t\t\t\t\t<div class=\"elementor-spacer\">\n\t\t\t<div class=\"elementor-spacer-inner\"><\/div>\n\t\t<\/div>\n\t\t\t\t\t\t<\/div>\n\t\t\t\t<\/div>\n\t\t\t\t\t<\/div>\n\t\t<\/div>\n\t\t\t\t\t<\/div>\n\t\t<\/section>\n\t\t\t\t<\/div>\n\t\t","protected":false},"excerpt":{"rendered":"<p>Aviso legal y pol\u00edtica de privacidad Datos de la empresa En cumplimiento del art\u00edculo 10 de la Ley 34\/2002, de 11 de julio, de Servicios de la Sociedad de la Informaci\u00f3n y Comercio Electr\u00f3nico, a continuaci\u00f3n se exponen los datos identificativos de la empresa. Marc Obiols VillarDomicilio social:C\/ Bisbe Iglesias Navarri, 4 \u00b7 3r 25700 La Seu d&#8217;Urgell (Lleida)45637116X El acceso al sitio web www.obisualmedia.com de Marc Obiols (en adelante ObisualMedia) implica la aceptaci\u00f3n de todas las condiciones siguientes: Propiedad [&hellip;]<\/p>\n","protected":false},"author":1,"featured_media":0,"parent":0,"menu_order":0,"comment_status":"closed","ping_status":"closed","template":"","meta":{"footnotes":""},"class_list":["post-3921","page","type-page","status-publish","hentry"],"acf":[],"_links":{"self":[{"href":"https:\/\/www.obisualmedia.com\/es\/wp-json\/wp\/v2\/pages\/3921","targetHints":{"allow":["GET"]}}],"collection":[{"href":"https:\/\/www.obisualmedia.com\/es\/wp-json\/wp\/v2\/pages"}],"about":[{"href":"https:\/\/www.obisualmedia.com\/es\/wp-json\/wp\/v2\/types\/page"}],"author":[{"embeddable":true,"href":"https:\/\/www.obisualmedia.com\/es\/wp-json\/wp\/v2\/users\/1"}],"replies":[{"embeddable":true,"href":"https:\/\/www.obisualmedia.com\/es\/wp-json\/wp\/v2\/comments?post=3921"}],"version-history":[{"count":7,"href":"https:\/\/www.obisualmedia.com\/es\/wp-json\/wp\/v2\/pages\/3921\/revisions"}],"predecessor-version":[{"id":4083,"href":"https:\/\/www.obisualmedia.com\/es\/wp-json\/wp\/v2\/pages\/3921\/revisions\/4083"}],"wp:attachment":[{"href":"https:\/\/www.obisualmedia.com\/es\/wp-json\/wp\/v2\/media?parent=3921"}],"curies":[{"name":"wp","href":"https:\/\/api.w.org\/{rel}","templated":true}]}}